{"id":25,"date":"2023-10-15T12:02:27","date_gmt":"2023-10-15T10:02:27","guid":{"rendered":"https:\/\/lesphoenix.online\/espacemembres\/?page_id=25"},"modified":"2023-10-15T16:46:33","modified_gmt":"2023-10-15T14:46:33","slug":"photos","status":"publish","type":"page","link":"https:\/\/lesphoenix.online\/espacemembres\/index.php\/photos\/","title":{"rendered":"Photos"},"content":{"rendered":"<p>Vous n'\u00eates pas connect\u00e9 \u00e0 votre espace membre.<\/p>","protected":false},"excerpt":{"rendered":"","protected":false},"author":1,"featured_media":0,"parent":0,"menu_order":0,"comment_status":"closed","ping_status":"closed","template":"","meta":{"footnotes":""},"_links":{"self":[{"href":"https:\/\/lesphoenix.online\/espacemembres\/index.php\/wp-json\/wp\/v2\/pages\/25"}],"collection":[{"href":"https:\/\/lesphoenix.online\/espacemembres\/index.php\/wp-json\/wp\/v2\/pages"}],"about":[{"href":"https:\/\/lesphoenix.online\/espacemembres\/index.php\/wp-json\/wp\/v2\/types\/page"}],"author":[{"embeddable":true,"href":"https:\/\/lesphoenix.online\/espacemembres\/index.php\/wp-json\/wp\/v2\/users\/1"}],"replies":[{"embeddable":true,"href":"https:\/\/lesphoenix.online\/espacemembres\/index.php\/wp-json\/wp\/v2\/comments?post=25"}],"version-history":[{"count":0,"href":"https:\/\/lesphoenix.online\/espacemembres\/index.php\/wp-json\/wp\/v2\/pages\/25\/revisions"}],"wp:attachment":[{"href":"https:\/\/lesphoenix.online\/espacemembres\/index.php\/wp-json\/wp\/v2\/media?parent=25"}],"curies":[{"name":"wp","href":"https:\/\/api.w.org\/{rel}","templated":true}]}}