{"id":39,"date":"2023-10-15T12:55:45","date_gmt":"2023-10-15T10:55:45","guid":{"rendered":"https:\/\/lesphoenix.online\/espacemembres\/?page_id=39"},"modified":"2023-10-15T16:45:34","modified_gmt":"2023-10-15T14:45:34","slug":"musiques","status":"publish","type":"page","link":"https:\/\/lesphoenix.online\/espacemembres\/index.php\/musiques\/","title":{"rendered":"Musiques"},"content":{"rendered":"<p>Vous n'\u00eates pas connect\u00e9 \u00e0 votre espace membre.<\/p>","protected":false},"excerpt":{"rendered":"","protected":false},"author":1,"featured_media":0,"parent":0,"menu_order":0,"comment_status":"closed","ping_status":"closed","template":"","meta":{"footnotes":""},"_links":{"self":[{"href":"https:\/\/lesphoenix.online\/espacemembres\/index.php\/wp-json\/wp\/v2\/pages\/39"}],"collection":[{"href":"https:\/\/lesphoenix.online\/espacemembres\/index.php\/wp-json\/wp\/v2\/pages"}],"about":[{"href":"https:\/\/lesphoenix.online\/espacemembres\/index.php\/wp-json\/wp\/v2\/types\/page"}],"author":[{"embeddable":true,"href":"https:\/\/lesphoenix.online\/espacemembres\/index.php\/wp-json\/wp\/v2\/users\/1"}],"replies":[{"embeddable":true,"href":"https:\/\/lesphoenix.online\/espacemembres\/index.php\/wp-json\/wp\/v2\/comments?post=39"}],"version-history":[{"count":0,"href":"https:\/\/lesphoenix.online\/espacemembres\/index.php\/wp-json\/wp\/v2\/pages\/39\/revisions"}],"wp:attachment":[{"href":"https:\/\/lesphoenix.online\/espacemembres\/index.php\/wp-json\/wp\/v2\/media?parent=39"}],"curies":[{"name":"wp","href":"https:\/\/api.w.org\/{rel}","templated":true}]}}